{"id":663,"date":"2021-08-11T09:59:22","date_gmt":"2021-08-11T09:59:22","guid":{"rendered":"https:\/\/usgfoot35.fr\/v1\/?page_id=663"},"modified":"2021-12-21T15:53:55","modified_gmt":"2021-12-21T14:53:55","slug":"medias","status":"publish","type":"page","link":"https:\/\/usgfoot35.fr\/v1a\/medias\/","title":{"rendered":"M\u00e9dias"},"content":{"rendered":"\n<h2>\n\t\tR1 - J10 : ESP. CHARTRES - USG\n\t<\/h2>\n\t<p><strong>Cr\u00e9dits photo :<\/strong> Quentin Horvais<\/p>\n<h2>\n\t\tR1 - J9 : USG - PLO\u00cbRMEL FC\n\t<\/h2>\n\t<p><strong>Cr\u00e9dits photo :<\/strong> Ronan Andro<\/p>\n<h2>\n\t\tR1 - J7 : USG - AS VITR\u00c9\n\t<\/h2>\n\t<p><strong>Cr\u00e9dits photo :<\/strong> Ronan Andro<\/p>\n<h2>\n\t\tR1 - J3 : USG - FC GUICHEN\n\t<\/h2>\n\t<p><strong>Cr\u00e9dits photo :<\/strong> Ronan Andro<\/p>\n<h2>\n\t\tMATCH AMICAL #2 : CHARTRES - USG\n\t<\/h2>\n\t<p><strong>Cr\u00e9dits photo :<\/strong> Quentin Horvais<\/p>\n\n","protected":false},"excerpt":{"rendered":"<p>R1 - J10 : ESP. CHARTRES - USG Cr\u00e9dits photo : Quentin Horvais R1 - J9 : USG - PLO\u00cbRMEL FC Cr\u00e9dits photo : Ronan Andro R1 - J7 : USG - AS VITR\u00c9 Cr\u00e9dits photo : Ronan Andro R1 - J3 : USG - FC GUICHEN Cr\u00e9dits photo : Ronan Andro MATCH AMICAL #2 [&hellip;]<\/p>\n","protected":false},"author":3,"featured_media":0,"parent":0,"menu_order":0,"comment_status":"closed","ping_status":"closed","template":"","meta":{"footnotes":""},"class_list":["post-663","page","type-page","status-publish","hentry"],"_links":{"self":[{"href":"https:\/\/usgfoot35.fr\/v1a\/wp-json\/wp\/v2\/pages\/663","targetHints":{"allow":["GET"]}}],"collection":[{"href":"https:\/\/usgfoot35.fr\/v1a\/wp-json\/wp\/v2\/pages"}],"about":[{"href":"https:\/\/usgfoot35.fr\/v1a\/wp-json\/wp\/v2\/types\/page"}],"author":[{"embeddable":true,"href":"https:\/\/usgfoot35.fr\/v1a\/wp-json\/wp\/v2\/users\/3"}],"replies":[{"embeddable":true,"href":"https:\/\/usgfoot35.fr\/v1a\/wp-json\/wp\/v2\/comments?post=663"}],"version-history":[{"count":6,"href":"https:\/\/usgfoot35.fr\/v1a\/wp-json\/wp\/v2\/pages\/663\/revisions"}],"predecessor-version":[{"id":2315,"href":"https:\/\/usgfoot35.fr\/v1a\/wp-json\/wp\/v2\/pages\/663\/revisions\/2315"}],"wp:attachment":[{"href":"https:\/\/usgfoot35.fr\/v1a\/wp-json\/wp\/v2\/media?parent=663"}],"curies":[{"name":"wp","href":"https:\/\/api.w.org\/{rel}","templated":true}]}}