{"id":1575,"date":"2021-09-03T12:35:07","date_gmt":"2021-09-03T10:35:07","guid":{"rendered":"https:\/\/usgfoot35.fr\/v1a\/?page_id=1575"},"modified":"2024-10-11T19:36:52","modified_gmt":"2024-10-11T17:36:52","slug":"convocations","status":"publish","type":"page","link":"https:\/\/usgfoot35.fr\/v1a\/convocations\/","title":{"rendered":"Convocations"},"content":{"rendered":"\n<h3>\n\t\tLES CONVOCATIONS\n\t<\/h3>\n\t\t\t<a href=\"https:\/\/usgfoot35.fr\/v1a\/convocations-seniors\/\" target=\"_self\" role=\"button\" rel=\"noopener\">\n\t\t\t\t\t\t\tSeniors\n\t\t\t\t\t<\/a>\n\t\t\t<a href=\"https:\/\/usgfoot35.fr\/v1a\/convocations-feminines\/\" target=\"_self\" role=\"button\" rel=\"noopener\">\n\t\t\t\t\t\t\tF\u00e9minines\n\t\t\t\t\t<\/a>\n\t\t\t<a href=\"https:\/\/usgfoot35.fr\/v1a\/convocations-foot-a-11\/\" target=\"_self\" role=\"button\" rel=\"noopener\">\n\t\t\t\t\t\t\tFoot \u00e0 11\n\t\t\t\t\t<\/a>\n\t\t\t<a href=\"https:\/\/usgfoot35.fr\/v1a\/convocations-ecole-de-foot\/\" target=\"_self\" role=\"button\" rel=\"noopener\">\n\t\t\t\t\t\t\t\u00c9cole de foot\n\t\t\t\t\t<\/a>\n\t\t\t\t<img loading=\"lazy\" decoding=\"async\" src=\"https:\/\/usgfoot35.fr\/v1a\/wp-content\/uploads\/2022\/10\/USG-LOGOTYPE-TRANSPARENT-1-1.png\" alt=\"USG-LOGOTYPE-TRANSPARENT-1 (1)\" height=\"133\" width=\"90\" title=\"USG-LOGOTYPE-TRANSPARENT-1 (1)\">\n","protected":false},"excerpt":{"rendered":"<p>LES CONVOCATIONS Seniors F\u00e9minines Foot \u00e0 11 \u00c9cole de foot<\/p>\n","protected":false},"author":3,"featured_media":0,"parent":0,"menu_order":0,"comment_status":"closed","ping_status":"closed","template":"","meta":{"footnotes":""},"class_list":["post-1575","page","type-page","status-publish","hentry"],"_links":{"self":[{"href":"https:\/\/usgfoot35.fr\/v1a\/wp-json\/wp\/v2\/pages\/1575","targetHints":{"allow":["GET"]}}],"collection":[{"href":"https:\/\/usgfoot35.fr\/v1a\/wp-json\/wp\/v2\/pages"}],"about":[{"href":"https:\/\/usgfoot35.fr\/v1a\/wp-json\/wp\/v2\/types\/page"}],"author":[{"embeddable":true,"href":"https:\/\/usgfoot35.fr\/v1a\/wp-json\/wp\/v2\/users\/3"}],"replies":[{"embeddable":true,"href":"https:\/\/usgfoot35.fr\/v1a\/wp-json\/wp\/v2\/comments?post=1575"}],"version-history":[{"count":12,"href":"https:\/\/usgfoot35.fr\/v1a\/wp-json\/wp\/v2\/pages\/1575\/revisions"}],"predecessor-version":[{"id":4904,"href":"https:\/\/usgfoot35.fr\/v1a\/wp-json\/wp\/v2\/pages\/1575\/revisions\/4904"}],"wp:attachment":[{"href":"https:\/\/usgfoot35.fr\/v1a\/wp-json\/wp\/v2\/media?parent=1575"}],"curies":[{"name":"wp","href":"https:\/\/api.w.org\/{rel}","templated":true}]}}