{"id":533,"date":"2021-07-30T08:56:22","date_gmt":"2021-07-30T08:56:22","guid":{"rendered":"http:\/\/usgfoot35.fr\/v2\/?page_id=533"},"modified":"2021-07-30T08:56:22","modified_gmt":"2021-07-30T08:56:22","slug":"mentions-legales","status":"publish","type":"page","link":"http:\/\/usgfoot35.fr\/v2\/mentions-legales\/","title":{"rendered":"Mentions L\u00e9gales"},"content":{"rendered":"\n\n\t<h2>Raison sociale &amp; Structure juridique<\/h2>\n<p>USG Union Sportive Gr\u00e9gorienne<\/p>\nSi\u00e8ge social : 3 Rue des celtes 35760 Saint Gr\u00e9goire<br \/>\nResp. de publication : Jean-Pierre GARAUD\n\t<h2>Informatique et libert\u00e9s<\/h2>\n<p>Conform\u00e9ment \u00e0 l'article 40 de la loi \u00ab\u00a0Informatique et Libert\u00e9s\u00a0\u00bb, vous disposez d'un droit d'acc\u00e8s, de modification, de rectification et de suppression des donn\u00e9es qui vous concernent. Pour exercer ce droit d'acc\u00e8s, adressez-vous \u00e0 :<\/p>\n<p>USG - 3 rue des celtes 35760 Saint Gr\u00e9goire<\/p>\n\n\t<h2>Droit d'auteur \/ Copyright<\/h2>\n<p>L'ensemble de ce site rel\u00e8ve des l\u00e9gislations fran\u00e7aises et internationales sur le droit d'auteur et la propri\u00e9t\u00e9 intellectuelle. Tous les droits de reproduction sont r\u00e9serv\u00e9s, y compris pour les documents iconographiques et photographiques.<\/p>\n\t<h2>Propri\u00e9taire - \u00c9diteur du site<br \/>\nCr\u00e9dits textes et photos<\/h2>\n<p>USG - 3 rue des celtes<\/p>\n\n\t<h2>Conception graphique,<br \/>\nD\u00e9veloppement, Int\u00e9gration<\/h2>\n<p>&nbsp;<\/p>\n\t\t\t\t<img loading=\"lazy\" src=\"http:\/\/usgfoot35.fr\/v2\/wp-content\/uploads\/2021\/07\/lws.jpg\" alt=\"lws l'h\u00e9bergeur accessible \u00e0 tous\" itemprop=\"image\" height=\"176\" width=\"259\" title=\"lws\" onerror=\"this.style.display='none'\"  \/>\n\n","protected":false},"excerpt":{"rendered":"<p>Raison sociale &amp; Structure juridique USG Union Sportive Gr\u00e9gorienne Si\u00e8ge social : 3 Rue des celtes 35760 Saint Gr\u00e9goire Resp. de publication : Jean-Pierre GARAUD Informatique et libert\u00e9s Conform\u00e9ment \u00e0 l'article 40 de la loi \u00ab\u00a0Informatique et Libert\u00e9s\u00a0\u00bb, vous disposez d'un droit d'acc\u00e8s, de modification, de rectification et de suppression des donn\u00e9es qui vous concernent. [&hellip;]<\/p>\n","protected":false},"author":2,"featured_media":0,"parent":0,"menu_order":0,"comment_status":"closed","ping_status":"closed","template":"","meta":[],"_links":{"self":[{"href":"http:\/\/usgfoot35.fr\/v2\/wp-json\/wp\/v2\/pages\/533"}],"collection":[{"href":"http:\/\/usgfoot35.fr\/v2\/wp-json\/wp\/v2\/pages"}],"about":[{"href":"http:\/\/usgfoot35.fr\/v2\/wp-json\/wp\/v2\/types\/page"}],"author":[{"embeddable":true,"href":"http:\/\/usgfoot35.fr\/v2\/wp-json\/wp\/v2\/users\/2"}],"replies":[{"embeddable":true,"href":"http:\/\/usgfoot35.fr\/v2\/wp-json\/wp\/v2\/comments?post=533"}],"version-history":[{"count":2,"href":"http:\/\/usgfoot35.fr\/v2\/wp-json\/wp\/v2\/pages\/533\/revisions"}],"predecessor-version":[{"id":536,"href":"http:\/\/usgfoot35.fr\/v2\/wp-json\/wp\/v2\/pages\/533\/revisions\/536"}],"wp:attachment":[{"href":"http:\/\/usgfoot35.fr\/v2\/wp-json\/wp\/v2\/media?parent=533"}],"curies":[{"name":"wp","href":"https:\/\/api.w.org\/{rel}","templated":true}]}}